{"id":235,"date":"2025-08-06T16:42:24","date_gmt":"2025-08-06T16:42:24","guid":{"rendered":"https:\/\/the-legacy-of-zerolution.com\/?page_id=235"},"modified":"2025-08-15T09:43:33","modified_gmt":"2025-08-15T09:43:33","slug":"aide-tome-1","status":"publish","type":"page","link":"https:\/\/the-legacy-of-zerolution.com\/index.php\/aide-tome-1\/","title":{"rendered":"Aide tome 1"},"content":{"rendered":"<p>[et_pb_section fb_built=\u00a0\u00bb1&Prime; _builder_version=\u00a0\u00bb4.27.4&Prime; _module_preset=\u00a0\u00bbdefault\u00a0\u00bb background_image=\u00a0\u00bbhttps:\/\/the-legacy-of-zerolution.com\/wp-content\/uploads\/2025\/08\/davidesens_27478_wallpaper_technocratic_world_three_drone_bac_53981186-4e22-4d67-8a52-c8167640df9c_2.png\u00a0\u00bb parallax=\u00a0\u00bbon\u00a0\u00bb parallax_method=\u00a0\u00bboff\u00a0\u00bb transform_origin=\u00a0\u00bb50%|0%\u00a0\u00bb min_height=\u00a0\u00bb622.5px\u00a0\u00bb custom_margin=\u00a0\u00bb||2px|||\u00a0\u00bb custom_padding=\u00a0\u00bb47px||163px|||\u00a0\u00bb scroll_vertical_motion=\u00a0\u00bb0|83|83|100|4|0|-4&Prime; global_colors_info=\u00a0\u00bb{}\u00a0\u00bb][et_pb_row _builder_version=\u00a0\u00bb4.27.4&Prime; _module_preset=\u00a0\u00bbdefault\u00a0\u00bb global_colors_info=\u00a0\u00bb{}\u00a0\u00bb][et_pb_column type=\u00a0\u00bb4_4&Prime; _builder_version=\u00a0\u00bb4.27.4&Prime; _module_preset=\u00a0\u00bbdefault\u00a0\u00bb global_colors_info=\u00a0\u00bb{}\u00a0\u00bb][et_pb_heading title=\u00a0\u00bbExplications tome 1&Prime; _builder_version=\u00a0\u00bb4.27.4&Prime; _module_preset=\u00a0\u00bbdefault\u00a0\u00bb title_level=\u00a0\u00bbh2&Prime; title_text_color=\u00a0\u00bb#FFFFFF\u00a0\u00bb title_font_size=\u00a0\u00bb42px\u00a0\u00bb title_text_shadow_style=\u00a0\u00bbpreset5&Prime; title_text_shadow_horizontal_length=\u00a0\u00bb0.01em\u00a0\u00bb title_text_shadow_blur_strength=\u00a0\u00bb0.09em\u00a0\u00bb title_text_shadow_color=\u00a0\u00bb#000000&Prime; global_colors_info=\u00a0\u00bb{}\u00a0\u00bb][\/et_pb_heading][\/et_pb_column][\/et_pb_row][et_pb_row column_structure=\u00a0\u00bb1_4,1_4,1_4,1_4&Prime; _builder_version=\u00a0\u00bb4.27.4&Prime; _module_preset=\u00a0\u00bbdefault\u00a0\u00bb custom_margin=\u00a0\u00bb-15px|auto|-61px|auto||\u00a0\u00bb custom_padding=\u00a0\u00bb||0px|||\u00a0\u00bb global_colors_info=\u00a0\u00bb{}\u00a0\u00bb][et_pb_column type=\u00a0\u00bb1_4&Prime; _builder_version=\u00a0\u00bb4.27.4&Prime; _module_preset=\u00a0\u00bbdefault\u00a0\u00bb global_colors_info=\u00a0\u00bb{}\u00a0\u00bb][et_pb_text _builder_version=\u00a0\u00bb4.27.4&Prime; _module_preset=\u00a0\u00bbdefault\u00a0\u00bb text_font=\u00a0\u00bb&#8211;et_global_heading_font||||||||\u00a0\u00bb text_text_color=\u00a0\u00bb#FFFFFF\u00a0\u00bb text_font_size=\u00a0\u00bb18px\u00a0\u00bb background_color=\u00a0\u00bbrgba(0,0,0,0.3)\u00a0\u00bb global_colors_info=\u00a0\u00bb{}\u00a0\u00bb]<\/p>\n<p>Arthur p.69 acrostiche<\/p>\n<p>[\/et_pb_text][\/et_pb_column][et_pb_column type=\u00a0\u00bb1_4&Prime; _builder_version=\u00a0\u00bb4.27.4&Prime; _module_preset=\u00a0\u00bbdefault\u00a0\u00bb global_colors_info=\u00a0\u00bb{}\u00a0\u00bb][et_pb_text _builder_version=\u00a0\u00bb4.27.4&Prime; _module_preset=\u00a0\u00bbdefault\u00a0\u00bb text_font=\u00a0\u00bb&#8211;et_global_heading_font||||||||\u00a0\u00bb text_text_color=\u00a0\u00bb#FFFFFF\u00a0\u00bb text_font_size=\u00a0\u00bb18px\u00a0\u00bb background_color=\u00a0\u00bbrgba(0,0,0,0.3)\u00a0\u00bb global_colors_info=\u00a0\u00bb{}\u00a0\u00bb]<\/p>\n<p>Inaya p.308 acrostiche<\/p>\n<p>[\/et_pb_text][\/et_pb_column][et_pb_column type=\u00a0\u00bb1_4&Prime; _builder_version=\u00a0\u00bb4.27.4&Prime; _module_preset=\u00a0\u00bbdefault\u00a0\u00bb global_colors_info=\u00a0\u00bb{}\u00a0\u00bb][et_pb_text _builder_version=\u00a0\u00bb4.27.4&Prime; _module_preset=\u00a0\u00bbdefault\u00a0\u00bb text_font=\u00a0\u00bb&#8211;et_global_heading_font||||||||\u00a0\u00bb text_text_color=\u00a0\u00bb#FFFFFF\u00a0\u00bb text_font_size=\u00a0\u00bb18px\u00a0\u00bb background_color=\u00a0\u00bbrgba(0,0,0,0.3)\u00a0\u00bb global_colors_info=\u00a0\u00bb{}\u00a0\u00bb]<\/p>\n<p>Sophie p.327\u00a0 acrostiche<\/p>\n<p>[\/et_pb_text][\/et_pb_column][et_pb_column type=\u00a0\u00bb1_4&Prime; _builder_version=\u00a0\u00bb4.27.4&Prime; _module_preset=\u00a0\u00bbdefault\u00a0\u00bb global_colors_info=\u00a0\u00bb{}\u00a0\u00bb][et_pb_text _builder_version=\u00a0\u00bb4.27.4&Prime; _module_preset=\u00a0\u00bbdefault\u00a0\u00bb text_font=\u00a0\u00bb&#8211;et_global_heading_font||||||||\u00a0\u00bb text_text_color=\u00a0\u00bb#FFFFFF\u00a0\u00bb text_font_size=\u00a0\u00bb18px\u00a0\u00bb background_color=\u00a0\u00bbrgba(0,0,0,0.3)\u00a0\u00bb global_colors_info=\u00a0\u00bb{}\u00a0\u00bb]<\/p>\n<p>Arthur p.407 acrostiche<\/p>\n<p>[\/et_pb_text][\/et_pb_column][\/et_pb_row][et_pb_row _builder_version=\u00a0\u00bb4.27.4&Prime; _module_preset=\u00a0\u00bbdefault\u00a0\u00bb custom_margin=\u00a0\u00bb|auto|-74px|auto||\u00a0\u00bb global_colors_info=\u00a0\u00bb{}\u00a0\u00bb][et_pb_column type=\u00a0\u00bb4_4&Prime; _builder_version=\u00a0\u00bb4.27.4&Prime; _module_preset=\u00a0\u00bbdefault\u00a0\u00bb global_colors_info=\u00a0\u00bb{}\u00a0\u00bb][\/et_pb_column][\/et_pb_row][et_pb_row column_structure=\u00a0\u00bb1_4,1_4,1_4,1_4&Prime; _builder_version=\u00a0\u00bb4.27.4&Prime; _module_preset=\u00a0\u00bbdefault\u00a0\u00bb min_height=\u00a0\u00bb194.7px\u00a0\u00bb custom_margin=\u00a0\u00bb-30px|auto||auto||\u00a0\u00bb global_colors_info=\u00a0\u00bb{}\u00a0\u00bb][et_pb_column type=\u00a0\u00bb1_4&Prime; _builder_version=\u00a0\u00bb4.27.4&Prime; _module_preset=\u00a0\u00bbdefault\u00a0\u00bb global_colors_info=\u00a0\u00bb{}\u00a0\u00bb][et_pb_image src=\u00a0\u00bbhttps:\/\/the-legacy-of-zerolution.com\/wp-content\/uploads\/2025\/08\/davidesens_27478_little_normal_house_just_next_of_a_way_leading_9108d32a-8abf-482c-b7b3-3ebf81b0bfbe-scaled.png\u00a0\u00bb title_text=\u00a0\u00bbdavidesens_27478_little_normal_house_just_next_of_a_way_leading_9108d32a-8abf-482c-b7b3-3ebf81b0bfbe\u00a0\u00bb url=\u00a0\u00bbhttps:\/\/the-legacy-of-zerolution.com\/wp-content\/uploads\/2025\/08\/Acrostiche-1-Arthur.pdf\u00a0\u00bb _builder_version=\u00a0\u00bb4.27.4&Prime; _module_preset=\u00a0\u00bbdefault\u00a0\u00bb border_radii=\u00a0\u00bbon|6px|6px|6px|6px\u00a0\u00bb global_colors_info=\u00a0\u00bb{}\u00a0\u00bb filter_opacity__hover_enabled=\u00a0\u00bbon|hover\u00a0\u00bb filter_opacity__hover=\u00a0\u00bb90%\u00a0\u00bb filter_brightness__hover_enabled=\u00a0\u00bbon|hover\u00a0\u00bb filter_brightness__hover=\u00a0\u00bb130%\u00a0\u00bb][\/et_pb_image][\/et_pb_column][et_pb_column type=\u00a0\u00bb1_4&Prime; _builder_version=\u00a0\u00bb4.27.4&Prime; _module_preset=\u00a0\u00bbdefault\u00a0\u00bb global_colors_info=\u00a0\u00bb{}\u00a0\u00bb][et_pb_image src=\u00a0\u00bbhttps:\/\/the-legacy-of-zerolution.com\/wp-content\/uploads\/2025\/08\/Lettre-adieux-Mat.png\u00a0\u00bb title_text=\u00a0\u00bbLettre adieux Mat\u00a0\u00bb url=\u00a0\u00bbhttps:\/\/the-legacy-of-zerolution.com\/wp-content\/uploads\/2025\/08\/Lettre-de-Mat.pdf\u00a0\u00bb _builder_version=\u00a0\u00bb4.27.4&Prime; _module_preset=\u00a0\u00bbdefault\u00a0\u00bb max_width=\u00a0\u00bb94%\u00a0\u00bb module_alignment=\u00a0\u00bbcenter\u00a0\u00bb min_height=\u00a0\u00bb71.2px\u00a0\u00bb custom_margin=\u00a0\u00bb-1px|||||\u00a0\u00bb border_radii=\u00a0\u00bbon|7px|7px|7px|7px\u00a0\u00bb global_colors_info=\u00a0\u00bb{}\u00a0\u00bb filter_brightness__hover_enabled=\u00a0\u00bbon|hover\u00a0\u00bb filter_brightness__hover=\u00a0\u00bb130%\u00a0\u00bb][\/et_pb_image][\/et_pb_column][et_pb_column type=\u00a0\u00bb1_4&Prime; _builder_version=\u00a0\u00bb4.27.4&Prime; _module_preset=\u00a0\u00bbdefault\u00a0\u00bb global_colors_info=\u00a0\u00bb{}\u00a0\u00bb][et_pb_image src=\u00a0\u00bbhttps:\/\/the-legacy-of-zerolution.com\/wp-content\/uploads\/2025\/08\/Abri-souterrain.png\u00a0\u00bb title_text=\u00a0\u00bbAbri souterrain\u00a0\u00bb url=\u00a0\u00bbhttps:\/\/the-legacy-of-zerolution.com\/wp-content\/uploads\/2025\/08\/Acrostiche-n\u00b02-Sophie.pdf\u00a0\u00bb _builder_version=\u00a0\u00bb4.27.4&Prime; _module_preset=\u00a0\u00bbdefault\u00a0\u00bb width=\u00a0\u00bb100%\u00a0\u00bb height=\u00a0\u00bb128px\u00a0\u00bb hover_enabled=\u00a0\u00bb0&Prime; border_radii=\u00a0\u00bbon|6px|6px|6px|6px\u00a0\u00bb global_colors_info=\u00a0\u00bb{}\u00a0\u00bb filter_opacity__hover_enabled=\u00a0\u00bbon|hover\u00a0\u00bb filter_opacity__hover=\u00a0\u00bb100%\u00a0\u00bb filter_brightness__hover_enabled=\u00a0\u00bbon|hover\u00a0\u00bb filter_brightness__hover=\u00a0\u00bb130%\u00a0\u00bb sticky_enabled=\u00a0\u00bb0&Prime;][\/et_pb_image][\/et_pb_column][et_pb_column type=\u00a0\u00bb1_4&Prime; _builder_version=\u00a0\u00bb4.27.4&Prime; _module_preset=\u00a0\u00bbdefault\u00a0\u00bb global_colors_info=\u00a0\u00bb{}\u00a0\u00bb][et_pb_image src=\u00a0\u00bbhttps:\/\/the-legacy-of-zerolution.com\/wp-content\/uploads\/2025\/08\/Arthur-3-Destin-encl.jpg\u00a0\u00bb title_text=\u00a0\u00bbArthur 3 Destin encl\u00a0\u00bb url=\u00a0\u00bbhttps:\/\/the-legacy-of-zerolution.com\/wp-content\/uploads\/2025\/08\/Acrostiche-n\u00b03-Arthur.pdf\u00a0\u00bb _builder_version=\u00a0\u00bb4.27.4&Prime; _module_preset=\u00a0\u00bbdefault\u00a0\u00bb border_radii=\u00a0\u00bbon|6px|6px|6px|6px\u00a0\u00bb global_colors_info=\u00a0\u00bb{}\u00a0\u00bb filter_opacity__hover_enabled=\u00a0\u00bbon|hover\u00a0\u00bb filter_opacity__hover=\u00a0\u00bb90%\u00a0\u00bb filter_brightness__hover_enabled=\u00a0\u00bbon|hover\u00a0\u00bb filter_brightness__hover=\u00a0\u00bb130%\u00a0\u00bb][\/et_pb_image][\/et_pb_column][\/et_pb_row][et_pb_row _builder_version=\u00a0\u00bb4.27.4&Prime; _module_preset=\u00a0\u00bbdefault\u00a0\u00bb global_colors_info=\u00a0\u00bb{}\u00a0\u00bb][et_pb_column type=\u00a0\u00bb4_4&Prime; _builder_version=\u00a0\u00bb4.27.4&Prime; _module_preset=\u00a0\u00bbdefault\u00a0\u00bb global_colors_info=\u00a0\u00bb{}\u00a0\u00bb][et_pb_text _builder_version=\u00a0\u00bb4.27.4&Prime; _module_preset=\u00a0\u00bbdefault\u00a0\u00bb text_font=\u00a0\u00bb&#8211;et_global_heading_font||||||||\u00a0\u00bb text_text_color=\u00a0\u00bb#FFFFFF\u00a0\u00bb text_font_size=\u00a0\u00bb18px\u00a0\u00bb background_enable_color=\u00a0\u00bboff\u00a0\u00bb text_orientation=\u00a0\u00bbcenter\u00a0\u00bb text_text_shadow_style=\u00a0\u00bbpreset5&Prime; global_colors_info=\u00a0\u00bb{}\u00a0\u00bb]<\/p>\n<p>Message fin tome 1<\/p>\n<p>[\/et_pb_text][et_pb_image src=\u00a0\u00bbhttps:\/\/the-legacy-of-zerolution.com\/wp-content\/uploads\/2025\/08\/tome1-trans.png\u00a0\u00bb title_text=\u00a0\u00bbExplication n\u00b04&Prime; url=\u00a0\u00bbhttps:\/\/the-legacy-of-zerolution.com\/wp-content\/uploads\/2025\/08\/Acrostiche-fin-tome-1-1.pdf\u00a0\u00bb align=\u00a0\u00bbcenter\u00a0\u00bb _builder_version=\u00a0\u00bb4.27.4&Prime; _module_preset=\u00a0\u00bbdefault\u00a0\u00bb width=\u00a0\u00bb18%\u00a0\u00bb max_width=\u00a0\u00bb64%\u00a0\u00bb global_colors_info=\u00a0\u00bb{}\u00a0\u00bb filter_brightness__hover_enabled=\u00a0\u00bbon|hover\u00a0\u00bb filter_brightness__hover=\u00a0\u00bb130%\u00a0\u00bb][\/et_pb_image][\/et_pb_column][\/et_pb_row][\/et_pb_section][et_pb_section fb_built=\u00a0\u00bb1&Prime; _builder_version=\u00a0\u00bb4.27.4&Prime; _module_preset=\u00a0\u00bbdefault\u00a0\u00bb min_height=\u00a0\u00bb1062.1px\u00a0\u00bb custom_margin=\u00a0\u00bb66px|||||\u00a0\u00bb custom_padding=\u00a0\u00bb0px|||||\u00a0\u00bb global_colors_info=\u00a0\u00bb{}\u00a0\u00bb][et_pb_row _builder_version=\u00a0\u00bb4.27.4&Prime; _module_preset=\u00a0\u00bbdefault\u00a0\u00bb column_structure=\u00a0\u00bb1_2,1_2&Prime;][et_pb_column _builder_version=\u00a0\u00bb4.27.4&Prime; _module_preset=\u00a0\u00bbdefault\u00a0\u00bb type=\u00a0\u00bb1_2&Prime;][et_pb_text _builder_version=\u00a0\u00bb4.27.4&Prime; _module_preset=\u00a0\u00bbdefault\u00a0\u00bb hover_enabled=\u00a0\u00bb0&Prime; sticky_enabled=\u00a0\u00bb0&Prime; custom_margin=\u00a0\u00bb0px||||false|false\u00a0\u00bb custom_padding=\u00a0\u00bb||10px|||\u00a0\u00bb text_font=\u00a0\u00bb&#8211;et_global_heading_font||||||||\u00a0\u00bb text_font_size=\u00a0\u00bb28px\u00a0\u00bb]<\/p>\n<p class=\"p1\"><i>Extrait Sophie p.246 et 247<\/i><\/p>\n<p>[\/et_pb_text][et_pb_text _builder_version=\u00a0\u00bb4.27.4&Prime; _module_preset=\u00a0\u00bbdefault\u00a0\u00bb hover_enabled=\u00a0\u00bb0&Prime; sticky_enabled=\u00a0\u00bb0&Prime; custom_margin=\u00a0\u00bb100px||||false|false\u00a0\u00bb custom_padding=\u00a0\u00bb||10px|||\u00a0\u00bb]<\/p>\n<p class=\"p1\"><em><span class=\"s1\">\u00ab\u00a0S<\/span><span class=\"s2\">ophie ne v<\/span><span class=\"s3\">a<\/span><span class=\"s2\">ut-il pas mie<\/span><span class=\"s3\">u<\/span><span class=\"s2\">x une absence souhai<\/span><span class=\"s3\">t<\/span><span class=\"s2\">\u00e9e qu<\/span><span class=\"s4\">\u2019<\/span><span class=\"s2\">un<\/span><span class=\"s3\">e<\/span><span class=\"s2\"> pr\u00e9sence non d\u00e9sir\u00e9e ?\u00a0\u00bb<\/span><\/em><span class=\"s5\"><span class=\"Apple-converted-space\">\u00a0<\/span><\/span><\/p>\n<p class=\"p2\">Dans cet extrait, la conscience de Sophie affronte son inconscient qui refait surface dans son \u00e9tat d&rsquo;abattement.<\/p>\n<p class=\"p2\">Le d\u00e9doublement de voix se veut dissonnant. Il rompt la lin\u00e9arit\u00e9 de la phrase en abaissant ou en \u00e9levant des lettres qui forment des mots.<\/p>\n<p class=\"p2\">Mise en \u00e9vidence de ces mots en cliquant sur l&rsquo;image. \u2b95<\/p>\n<p>[\/et_pb_text][\/et_pb_column][et_pb_column _builder_version=\u00a0\u00bb4.27.4&Prime; _module_preset=\u00a0\u00bbdefault\u00a0\u00bb type=\u00a0\u00bb1_2&Prime;][et_pb_image src=\u00a0\u00bbhttps:\/\/the-legacy-of-zerolution.com\/wp-content\/uploads\/2025\/08\/Sophie-fenetre-1.png\u00a0\u00bb _builder_version=\u00a0\u00bb4.27.4&Prime; _module_preset=\u00a0\u00bbdefault\u00a0\u00bb title_text=\u00a0\u00bbSophie fene\u0302tre\u00a0\u00bb hover_enabled=\u00a0\u00bb0&Prime; sticky_enabled=\u00a0\u00bb0&Prime; url=\u00a0\u00bbhttps:\/\/the-legacy-of-zerolution.com\/wp-content\/uploads\/2025\/08\/Sophie-dissonnance.pdf\u00a0\u00bb filter_brightness__hover_enabled=\u00a0\u00bbon|hover\u00a0\u00bb filter_brightness__hover=\u00a0\u00bb130%\u00a0\u00bb max_width=\u00a0\u00bb57%\u00a0\u00bb align=\u00a0\u00bbcenter\u00a0\u00bb][\/et_pb_image][\/et_pb_column][\/et_pb_row][et_pb_row _builder_version=\u00a0\u00bb4.27.4&Prime; _module_preset=\u00a0\u00bbdefault\u00a0\u00bb][et_pb_column _builder_version=\u00a0\u00bb4.27.4&Prime; _module_preset=\u00a0\u00bbdefault\u00a0\u00bb type=\u00a0\u00bb4_4&Prime;][et_pb_divider _builder_version=\u00a0\u00bb4.27.4&Prime; _module_preset=\u00a0\u00bbdefault\u00a0\u00bb color=\u00a0\u00bb#000000&Prime; filter_hue_rotate=\u00a0\u00bb113deg\u00a0\u00bb filter_opacity=\u00a0\u00bb7%\u00a0\u00bb hover_enabled=\u00a0\u00bb0&Prime; sticky_enabled=\u00a0\u00bb0&Prime;][\/et_pb_divider][\/et_pb_column][\/et_pb_row][et_pb_row _builder_version=\u00a0\u00bb4.27.4&Prime; _module_preset=\u00a0\u00bbdefault\u00a0\u00bb global_colors_info=\u00a0\u00bb{}\u00a0\u00bb][et_pb_column type=\u00a0\u00bb4_4&Prime; _builder_version=\u00a0\u00bb4.27.4&Prime; _module_preset=\u00a0\u00bbdefault\u00a0\u00bb global_colors_info=\u00a0\u00bb{}\u00a0\u00bb][et_pb_text _builder_version=\u00a0\u00bb4.27.4&Prime; _module_preset=\u00a0\u00bbdefault\u00a0\u00bb text_font=\u00a0\u00bb&#8211;et_global_heading_font||||||||\u00a0\u00bb text_font_size=\u00a0\u00bb28px\u00a0\u00bb hover_enabled=\u00a0\u00bb0&Prime; global_colors_info=\u00a0\u00bb{}\u00a0\u00bb sticky_enabled=\u00a0\u00bb0&Prime; min_height=\u00a0\u00bb49.8px\u00a0\u00bb]<\/p>\n<p style=\"text-align: left;\">Les images<\/p>\n<p>[\/et_pb_text][et_pb_text _builder_version=\u00a0\u00bb4.27.4&Prime; _module_preset=\u00a0\u00bbdefault\u00a0\u00bb text_font=\u00a0\u00bb&#8211;et_global_heading_font||||||||\u00a0\u00bb text_font_size=\u00a0\u00bb18px\u00a0\u00bb global_colors_info=\u00a0\u00bb{}\u00a0\u00bb]<\/p>\n<p style=\"text-align: center;\">Dans les images illustrant Caendaria se cachent parfois des silhouettes, comme ici dans le ciel.<\/p>\n<p>[\/et_pb_text][et_pb_image src=\u00a0\u00bbhttps:\/\/the-legacy-of-zerolution.com\/wp-content\/uploads\/2025\/08\/Capitale-Caendaria-Paraedolie.png\u00a0\u00bb title_text=\u00a0\u00bbCapitale Caendaria\u00a0\u00bb _builder_version=\u00a0\u00bb4.27.4&Prime; _module_preset=\u00a0\u00bbdefault\u00a0\u00bb global_colors_info=\u00a0\u00bb{}\u00a0\u00bb][\/et_pb_image][et_pb_text _builder_version=\u00a0\u00bb4.27.4&Prime; _module_preset=\u00a0\u00bbdefault\u00a0\u00bb text_font=\u00a0\u00bb&#8211;et_global_heading_font||||||||\u00a0\u00bb text_font_size=\u00a0\u00bb31px\u00a0\u00bb global_colors_info=\u00a0\u00bb{}\u00a0\u00bb]<\/p>\n<p>Mots retourn\u00e9s<\/p>\n<p>[\/et_pb_text][et_pb_text _builder_version=\u00a0\u00bb4.27.4&Prime; _module_preset=\u00a0\u00bbdefault\u00a0\u00bb custom_margin=\u00a0\u00bb||-42px|||\u00a0\u00bb custom_padding=\u00a0\u00bb||0px|||\u00a0\u00bb global_colors_info=\u00a0\u00bb{}\u00a0\u00bb]<\/p>\n<p>Il existe des mots, notamment des noms dans la langue m\u00e9diane et contemporaine de Caendaria, qui peuvent se lire \u00e0 l&rsquo;envers.<\/p>\n<p>Leurs sens ajoutent une dimension suppl\u00e9mentaire \u00e0 la compr\u00e9hension de l&rsquo;histoire. Par exemple, le r\u00f4le d&rsquo;Alupiene \u00e0 la fin du tome 1 se dit\u00a0 <span>\u00ab<\/span>Neidrag<span>\u00bb<\/span> qui n&rsquo;est autre que le mot <em><strong>gardien<\/strong><\/em> \u00e0 l&rsquo;envers. Pour les autres mots invers\u00e9s, nous y reviendrons dans les explications post tome 3.<\/p>\n<p>&nbsp;<\/p>\n<p>&nbsp;<\/p>\n<p>[\/et_pb_text][et_pb_button button_url=\u00a0\u00bbhttps:\/\/the-legacy-of-zerolution.com\/index.php\/287-2\/\u00a0\u00bb button_text=\u00a0\u00bbAide tome 2&Prime; button_alignment=\u00a0\u00bbcenter\u00a0\u00bb _builder_version=\u00a0\u00bb4.27.4&Prime; _module_preset=\u00a0\u00bbdefault\u00a0\u00bb custom_button=\u00a0\u00bbon\u00a0\u00bb button_text_color=\u00a0\u00bb#c9241c\u00a0\u00bb button_border_width=\u00a0\u00bb2px\u00a0\u00bb button_border_radius=\u00a0\u00bb11px\u00a0\u00bb button_icon=\u00a0\u00bb&#xe022;||divi||400&Prime; global_colors_info=\u00a0\u00bb{}\u00a0\u00bb][\/et_pb_button][\/et_pb_column][\/et_pb_row][\/et_pb_section]<\/p>\n","protected":false},"excerpt":{"rendered":"<p>Arthur p.69 acrosticheInaya p.308 acrosticheSophie p.327\u00a0 acrosticheArthur p.407 acrosticheMessage fin tome 1Extrait Sophie p.246 et 247&Prime;Sophie ne vaut-il pas mieux une absence souhait\u00e9e qu\u2019une pr\u00e9sence non d\u00e9sir\u00e9e ?\u00a0\u00bb\u00a0 Dans cet extrait, la conscience de Sophie affronte son inconscient qui refait surface dans son \u00e9tat d&rsquo;abattement. Le d\u00e9doublement de voix se veut dissonnant. Il rompt la [&hellip;]<\/p>\n","protected":false},"author":1,"featured_media":0,"parent":0,"menu_order":0,"comment_status":"closed","ping_status":"closed","template":"","meta":{"_et_pb_use_builder":"on","_et_pb_old_content":"","_et_gb_content_width":"","footnotes":""},"class_list":["post-235","page","type-page","status-publish","hentry"],"aioseo_notices":[],"_links":{"self":[{"href":"https:\/\/the-legacy-of-zerolution.com\/index.php\/wp-json\/wp\/v2\/pages\/235","targetHints":{"allow":["GET"]}}],"collection":[{"href":"https:\/\/the-legacy-of-zerolution.com\/index.php\/wp-json\/wp\/v2\/pages"}],"about":[{"href":"https:\/\/the-legacy-of-zerolution.com\/index.php\/wp-json\/wp\/v2\/types\/page"}],"author":[{"embeddable":true,"href":"https:\/\/the-legacy-of-zerolution.com\/index.php\/wp-json\/wp\/v2\/users\/1"}],"replies":[{"embeddable":true,"href":"https:\/\/the-legacy-of-zerolution.com\/index.php\/wp-json\/wp\/v2\/comments?post=235"}],"version-history":[{"count":36,"href":"https:\/\/the-legacy-of-zerolution.com\/index.php\/wp-json\/wp\/v2\/pages\/235\/revisions"}],"predecessor-version":[{"id":490,"href":"https:\/\/the-legacy-of-zerolution.com\/index.php\/wp-json\/wp\/v2\/pages\/235\/revisions\/490"}],"wp:attachment":[{"href":"https:\/\/the-legacy-of-zerolution.com\/index.php\/wp-json\/wp\/v2\/media?parent=235"}],"curies":[{"name":"wp","href":"https:\/\/api.w.org\/{rel}","templated":true}]}}