{"id":223,"date":"2025-08-06T16:05:17","date_gmt":"2025-08-06T16:05:17","guid":{"rendered":"https:\/\/the-legacy-of-zerolution.com\/?page_id=223"},"modified":"2025-08-11T20:16:19","modified_gmt":"2025-08-11T20:16:19","slug":"aide-a-la-lecture","status":"publish","type":"page","link":"https:\/\/the-legacy-of-zerolution.com\/index.php\/aide-a-la-lecture\/","title":{"rendered":"Aide de lecture"},"content":{"rendered":"<p>[et_pb_section fb_built=\u00a0\u00bb1&Prime; fullwidth=\u00a0\u00bbon\u00a0\u00bb _builder_version=\u00a0\u00bb4.27.4&Prime; _module_preset=\u00a0\u00bbdefault\u00a0\u00bb global_colors_info=\u00a0\u00bb{}\u00a0\u00bb][et_pb_fullwidth_header title=\u00a0\u00bbAide de lecture\u00a0\u00bb _builder_version=\u00a0\u00bb4.27.4&Prime; _module_preset=\u00a0\u00bbdefault\u00a0\u00bb title_level=\u00a0\u00bbh2&Prime; title_font_size=\u00a0\u00bb40px\u00a0\u00bb content_font=\u00a0\u00bb&#8211;et_global_heading_font||||||||\u00a0\u00bb content_font_size=\u00a0\u00bb18px\u00a0\u00bb background_image=\u00a0\u00bbhttps:\/\/the-legacy-of-zerolution.com\/wp-content\/uploads\/2025\/08\/ChatGPT-Image-15-juil.-2025-16_05_54.png\u00a0\u00bb text_shadow_style=\u00a0\u00bbpreset5&Prime; global_colors_info=\u00a0\u00bb{}\u00a0\u00bb]<\/p>\n<p>Certaines pages des romans cachent des <strong data-start=\"147\" data-end=\"194\">acrostiches, doubles sens et messages habiles<\/strong>.<br data-start=\"195\" data-end=\"198\" \/>Cette section vous aide \u00e0 <strong data-start=\"224\" data-end=\"264\">rep\u00e9rer et comprendre ces subtilit\u00e9s<\/strong>, pour profiter pleinement des indices diss\u00e9min\u00e9s dans le r\u00e9cit.<\/p>\n<p>Cliquez sur le tome de votre choix pour aller vers la section correspondante.<\/p>\n<p>&nbsp;<\/p>\n<p>[\/et_pb_fullwidth_header][\/et_pb_section][et_pb_section fb_built=\u00a0\u00bb1&Prime; _builder_version=\u00a0\u00bb4.27.4&Prime; _module_preset=\u00a0\u00bbdefault\u00a0\u00bb global_colors_info=\u00a0\u00bb{}\u00a0\u00bb][et_pb_row column_structure=\u00a0\u00bb1_3,1_3,1_3&Prime; _builder_version=\u00a0\u00bb4.27.4&Prime; _module_preset=\u00a0\u00bbdefault\u00a0\u00bb global_colors_info=\u00a0\u00bb{}\u00a0\u00bb][et_pb_column type=\u00a0\u00bb1_3&Prime; _builder_version=\u00a0\u00bb4.27.4&Prime; _module_preset=\u00a0\u00bbdefault\u00a0\u00bb global_colors_info=\u00a0\u00bb{}\u00a0\u00bb][et_pb_image src=\u00a0\u00bbhttps:\/\/the-legacy-of-zerolution.com\/wp-content\/uploads\/2025\/08\/tome1livre.png\u00a0\u00bb title_text=\u00a0\u00bbtome1livre\u00a0\u00bb url=\u00a0\u00bbhttps:\/\/the-legacy-of-zerolution.com\/?page_id=235&#038;et_fb=1&#038;PageSpeed=off\u00a0\u00bb _builder_version=\u00a0\u00bb4.27.4&Prime; _module_preset=\u00a0\u00bbdefault\u00a0\u00bb custom_padding=\u00a0\u00bb0px|||||\u00a0\u00bb animation_style=\u00a0\u00bbfade\u00a0\u00bb animation_duration=\u00a0\u00bb2000ms\u00a0\u00bb global_colors_info=\u00a0\u00bb{}\u00a0\u00bb filter_brightness__hover_enabled=\u00a0\u00bbon|hover\u00a0\u00bb filter_brightness__hover=\u00a0\u00bb130%\u00a0\u00bb][\/et_pb_image][\/et_pb_column][et_pb_column type=\u00a0\u00bb1_3&Prime; _builder_version=\u00a0\u00bb4.27.4&Prime; _module_preset=\u00a0\u00bbdefault\u00a0\u00bb global_colors_info=\u00a0\u00bb{}\u00a0\u00bb][et_pb_image src=\u00a0\u00bbhttps:\/\/the-legacy-of-zerolution.com\/wp-content\/uploads\/2025\/08\/tome2livre.jpg\u00a0\u00bb title_text=\u00a0\u00bbtome2livre\u00a0\u00bb url=\u00a0\u00bbhttps:\/\/the-legacy-of-zerolution.com\/index.php\/287-2&Prime; align=\u00a0\u00bbcenter\u00a0\u00bb _builder_version=\u00a0\u00bb4.27.4&Prime; _module_preset=\u00a0\u00bbdefault\u00a0\u00bb width=\u00a0\u00bb94%\u00a0\u00bb custom_padding=\u00a0\u00bb23px|||||\u00a0\u00bb animation_style=\u00a0\u00bbfade\u00a0\u00bb animation_duration=\u00a0\u00bb2000ms\u00a0\u00bb global_colors_info=\u00a0\u00bb{}\u00a0\u00bb filter_brightness__hover_enabled=\u00a0\u00bbon|hover\u00a0\u00bb filter_brightness__hover=\u00a0\u00bb128%\u00a0\u00bb filter_saturate__hover_enabled=\u00a0\u00bbon|hover\u00a0\u00bb filter_saturate__hover=\u00a0\u00bb80%\u00a0\u00bb][\/et_pb_image][\/et_pb_column][et_pb_column type=\u00a0\u00bb1_3&Prime; _builder_version=\u00a0\u00bb4.27.4&Prime; _module_preset=\u00a0\u00bbdefault\u00a0\u00bb global_colors_info=\u00a0\u00bb{}\u00a0\u00bb][et_pb_image src=\u00a0\u00bbhttps:\/\/the-legacy-of-zerolution.com\/wp-content\/uploads\/2025\/08\/Tome-3-livre.jpg\u00a0\u00bb title_text=\u00a0\u00bbTome 3 livre\u00a0\u00bb _builder_version=\u00a0\u00bb4.27.4&Prime; _module_preset=\u00a0\u00bbdefault\u00a0\u00bb custom_padding=\u00a0\u00bb23px|||||\u00a0\u00bb animation_style=\u00a0\u00bbfade\u00a0\u00bb animation_duration=\u00a0\u00bb2000ms\u00a0\u00bb hover_enabled=\u00a0\u00bb0&Prime; global_colors_info=\u00a0\u00bb{}\u00a0\u00bb url=\u00a0\u00bbhttps:\/\/the-legacy-of-zerolution.com\/index.php\/aide-tome-3\/\u00a0\u00bb filter_brightness__hover_enabled=\u00a0\u00bbon|hover\u00a0\u00bb sticky_enabled=\u00a0\u00bb0&Prime; filter_brightness__hover=\u00a0\u00bb130%\u00a0\u00bb][\/et_pb_image][\/et_pb_column][\/et_pb_row][\/et_pb_section]<\/p>\n","protected":false},"excerpt":{"rendered":"<p>Certaines pages des romans cachent des acrostiches, doubles sens et messages habiles.Cette section vous aide \u00e0 rep\u00e9rer et comprendre ces subtilit\u00e9s, pour profiter pleinement des indices diss\u00e9min\u00e9s dans le r\u00e9cit. Cliquez sur le tome de votre choix pour aller vers la section correspondante. &nbsp;<\/p>\n","protected":false},"author":1,"featured_media":0,"parent":0,"menu_order":0,"comment_status":"closed","ping_status":"closed","template":"","meta":{"_et_pb_use_builder":"on","_et_pb_old_content":"","_et_gb_content_width":"","footnotes":""},"class_list":["post-223","page","type-page","status-publish","hentry"],"aioseo_notices":[],"_links":{"self":[{"href":"https:\/\/the-legacy-of-zerolution.com\/index.php\/wp-json\/wp\/v2\/pages\/223","targetHints":{"allow":["GET"]}}],"collection":[{"href":"https:\/\/the-legacy-of-zerolution.com\/index.php\/wp-json\/wp\/v2\/pages"}],"about":[{"href":"https:\/\/the-legacy-of-zerolution.com\/index.php\/wp-json\/wp\/v2\/types\/page"}],"author":[{"embeddable":true,"href":"https:\/\/the-legacy-of-zerolution.com\/index.php\/wp-json\/wp\/v2\/users\/1"}],"replies":[{"embeddable":true,"href":"https:\/\/the-legacy-of-zerolution.com\/index.php\/wp-json\/wp\/v2\/comments?post=223"}],"version-history":[{"count":17,"href":"https:\/\/the-legacy-of-zerolution.com\/index.php\/wp-json\/wp\/v2\/pages\/223\/revisions"}],"predecessor-version":[{"id":455,"href":"https:\/\/the-legacy-of-zerolution.com\/index.php\/wp-json\/wp\/v2\/pages\/223\/revisions\/455"}],"wp:attachment":[{"href":"https:\/\/the-legacy-of-zerolution.com\/index.php\/wp-json\/wp\/v2\/media?parent=223"}],"curies":[{"name":"wp","href":"https:\/\/api.w.org\/{rel}","templated":true}]}}